{"id":3053,"date":"2017-10-24T14:35:01","date_gmt":"2017-10-24T12:35:01","guid":{"rendered":"https:\/\/razzz.de\/legal-notice\/"},"modified":"2022-05-24T19:02:33","modified_gmt":"2022-05-24T17:02:33","slug":"legal-notice","status":"publish","type":"page","link":"https:\/\/razzz.de\/en\/legal-notice\/","title":{"rendered":"LEGAL NOTICE"},"content":{"rendered":"<div class=\"fusion-fullwidth fullwidth-box fusion-builder-row-1 nonhundred-percent-fullwidth non-hundred-percent-height-scrolling\" style=\"--awb-border-radius-top-left:0px;--awb-border-radius-top-right:0px;--awb-border-radius-bottom-right:0px;--awb-border-radius-bottom-left:0px;--awb-padding-top:122px;--awb-padding-right:28%;--awb-padding-left:28%;\" ><div class=\"fusion-builder-row fusion-row\"><div class=\"fusion-layout-column fusion_builder_column fusion-builder-column-0 fusion_builder_column_1_1 1_1 fusion-one-full fusion-column-first fusion-column-last\" style=\"--awb-bg-size:cover;\"><div class=\"fusion-column-wrapper fusion-flex-column-wrapper-legacy\"><div class=\"fusion-column-content-centered\"><div class=\"fusion-column-content\"><div class=\"fusion-text fusion-text-1\"><h3 style=\"text-align: center;\">LEGAL NOTICE<\/h3>\n<h3 style=\"text-align: center;\">RAZZZ BEATBOX<br \/>\nENTERTAINMENT<\/h3>\n<\/div><div class=\"fusion-sep-clear\"><\/div><div class=\"fusion-separator fusion-full-width-sep fusion-clearfix\" style=\"float:left;margin-bottom:40px;width:100%;\"><\/div><div class=\"fusion-sep-clear\"><\/div><div class=\"fusion-text fusion-text-2\"><h5 style=\"text-align: center;\"><b>Razzz GbR<\/b><\/h5>\n<p style=\"text-align: center;\"><span style=\"font-weight: 400;\">Elbeyli \u00b7 Haase \u00b7 Schall \u00b7 Welz \u00b7 Zeidler<\/span><br \/>\n<span style=\"font-weight: 400;\">Skalitzer Str. 73<\/span><br \/>\n<span style=\"font-weight: 400;\">10997 Berlin<\/span><\/p>\n<p style=\"text-align: center;\">+49 (0) 30 5462379<br \/>\n<a href=\"mailto:info@razzz.de\"><span style=\"font-weight: 400;\">info@razzz.de<\/span><\/a><\/p>\n<h5 style=\"text-align: center;\"><b>Vertretungsberechtigte Gesellschafter der Razzz GbR (Gesellschaft b\u00fcrgerlichen Rechts)<\/b><\/h5>\n<p style=\"text-align: center;\"><span style=\"font-weight: 400;\">Johannes Welz, Kays Elbeyli, Raphael Schall, Philippe Zeidler, Karl-Heinz Haase<\/span><\/p>\n<p style=\"text-align: center;\"><span style=\"font-weight: 400;\">Umsatzsteuer-Identifikationsnummer gem\u00e4\u00df \u00a7 27a Umsatzsteuergesetz: 14\/325\/60414<\/span><\/p>\n<h5 style=\"text-align: center;\"><b>Haftung<\/b><\/h5>\n<p style=\"text-align: center;\"><span style=\"font-weight: 400;\">Trotz sorgf\u00e4ltiger inhaltlicher Kontrolle \u00fcbernehmen wir keine Haftung f\u00fcr die Inhalte externer Links. F\u00fcr den Inhalt der verlinkten Seiten sind ausschlie\u00dflich deren Betreiber verantwortlich.<\/span><\/p>\n<h5 style=\"text-align: center;\"><b>Verantwortlich f\u00fcr Inhalte<\/b><\/h5>\n<p style=\"text-align: center;\"><span style=\"font-weight: 400;\">Razzz GbR<\/span><\/p>\n<\/div><\/div><\/div><div class=\"fusion-clearfix\"><\/div><\/div><\/div><\/div><\/div>\n","protected":false},"excerpt":{"rendered":"","protected":false},"author":1,"featured_media":0,"parent":0,"menu_order":15,"comment_status":"closed","ping_status":"closed","template":"100-width.php","meta":{"_price":"","_stock":"","_tribe_ticket_header":"","_tribe_default_ticket_provider":"","_tribe_ticket_capacity":"0","_ticket_start_date":"","_ticket_end_date":"","_tribe_ticket_show_description":"","_tribe_ticket_show_not_going":false,"_tribe_ticket_use_global_stock":"","_tribe_ticket_global_stock_level":"","_global_stock_mode":"","_global_stock_cap":"","_tribe_rsvp_for_event":"","_tribe_ticket_going_count":"","_tribe_ticket_not_going_count":"","_tribe_tickets_list":[],"_tribe_ticket_has_attendee_info_fields":false},"acf":[],"ticketed":false,"_links":{"self":[{"href":"https:\/\/razzz.de\/en\/wp-json\/wp\/v2\/pages\/3053"}],"collection":[{"href":"https:\/\/razzz.de\/en\/wp-json\/wp\/v2\/pages"}],"about":[{"href":"https:\/\/razzz.de\/en\/wp-json\/wp\/v2\/types\/page"}],"author":[{"embeddable":true,"href":"https:\/\/razzz.de\/en\/wp-json\/wp\/v2\/users\/1"}],"replies":[{"embeddable":true,"href":"https:\/\/razzz.de\/en\/wp-json\/wp\/v2\/comments?post=3053"}],"version-history":[{"count":2,"href":"https:\/\/razzz.de\/en\/wp-json\/wp\/v2\/pages\/3053\/revisions"}],"predecessor-version":[{"id":6098,"href":"https:\/\/razzz.de\/en\/wp-json\/wp\/v2\/pages\/3053\/revisions\/6098"}],"wp:attachment":[{"href":"https:\/\/razzz.de\/en\/wp-json\/wp\/v2\/media?parent=3053"}],"curies":[{"name":"wp","href":"https:\/\/api.w.org\/{rel}","templated":true}]}}