{"id":5156,"date":"2017-11-20T18:09:39","date_gmt":"2017-11-20T17:09:39","guid":{"rendered":"https:\/\/razzz.de\/team\/philippe-zeidler\/"},"modified":"2022-09-15T13:29:57","modified_gmt":"2022-09-15T11:29:57","slug":"philippe-zeidler","status":"publish","type":"page","link":"https:\/\/razzz.de\/en\/team\/philippe-zeidler\/","title":{"rendered":"PHILIPPE ZEIDLER"},"content":{"rendered":"<p><div class=\"fusion-fullwidth fullwidth-box fusion-builder-row-1 nonhundred-percent-fullwidth non-hundred-percent-height-scrolling fusion-no-small-visibility fusion-no-medium-visibility\" style=\"--awb-border-radius-top-left:0px;--awb-border-radius-top-right:0px;--awb-border-radius-bottom-right:0px;--awb-border-radius-bottom-left:0px;--awb-background-color:rgba(68,27,78,0.7);\" ><div class=\"fusion-builder-row fusion-row\"><div class=\"fusion-layout-column fusion_builder_column fusion-builder-column-0 fusion_builder_column_1_1 1_1 fusion-one-full fusion-column-first fusion-column-last\" style=\"--awb-padding-top:50px;--awb-bg-size:cover;\"><div class=\"fusion-column-wrapper fusion-flex-column-wrapper-legacy\"><div class=\"fusion-title title fusion-title-1 fusion-sep-none fusion-title-center fusion-title-text fusion-title-size-one\"><h1 class=\"title-heading-center fusion-responsive-typography-calculated\" style=\"margin:0;--fontSize:48;line-height:1.14;\">CHLOROPHIL<\/h1><\/div><div class=\"fusion-clearfix\"><\/div><\/div><\/div><\/div><\/div><div class=\"fusion-fullwidth fullwidth-box fusion-builder-row-2 nonhundred-percent-fullwidth non-hundred-percent-height-scrolling fusion-no-small-visibility fusion-no-medium-visibility\" style=\"--awb-border-radius-top-left:0px;--awb-border-radius-top-right:0px;--awb-border-radius-bottom-right:0px;--awb-border-radius-bottom-left:0px;--awb-padding-top:80px;--awb-padding-bottom:60px;\" ><div class=\"fusion-builder-row fusion-row\"><div class=\"fusion-layout-column fusion_builder_column fusion-builder-column-1 fusion_builder_column_1_2 1_2 fusion-one-half fusion-column-first\" style=\"--awb-bg-size:cover;width:50%;width:calc(50% - ( ( 4% ) * 0.5 ) );margin-right: 4%;\"><div class=\"fusion-column-wrapper fusion-flex-column-wrapper-legacy\"><div class=\"fusion-text fusion-text-1\"><p><span style=\"font-weight: 400;\">Philippe Zeidler alias ChloroPhil wird in Potsdam geboren und ist in Berlin aufgewachsen. Schon vor seinem Abitur, welches er an der Carl-von-Ossietzky-Oberschule ablegt, nimmt er an verschiedensten Theater-, Musik- und Videoprojekten teil und beginnt eigene Songtexte zu schreiben. Zur gleichen Zeit macht er seine ersten Schritte im Bereich Rap und Beatbox. W\u00e4hrend seines Studiums der Kommunikationswissenschaften und der Technischen Akustik an der TU-Berlin probt er mit diversen Jazz Bands und Rap Formationen. Er steht immer h\u00e4ufiger auf der B\u00fchne und reift zu einem au\u00dfergew\u00f6hnlichen Entertainer und professionellen Musiker heran.<\/span><\/p>\n<p><span style=\"font-weight: 400;\">Phil ist oft und gern gesehener Gast bei zahlreichen Hip Hop Sessions und verschafft sich so allm\u00e4hlich einen Namen in der Berliner Musiklandschaft. Das Freestylen, bei dem lyrische Texte ganz spontan in dem Moment entstehen, in dem sie gerappt werden, hat er bis heute perfektioniert. Seine Stimme setzt er so vielseitig ein, dass er nicht nur Sounds und Instrumente, sondern auch bekannte Pers\u00f6nlichkeiten imitieren kann.<\/span><\/p>\n<p><span style=\"font-weight: 400;\">Zusammen mit dem Beatboxer Mando gr\u00fcndet er 2003 die 4xSample Beatboxcrew. Sie werden mehrfache deutsche Meister, Europameister und Vizeweltmeister und sind eine feste Gr\u00f6\u00dfe in der Beatboxszene. Nach der Ver\u00f6ffentlichung der DVD \u2018Lippendisco\u2019 zum zehnj\u00e4hrigen Bandjubil\u00e4um bringen sie 2016 die EP \u2018Full Problemo\u2019 raus.<\/span><\/p>\n<\/div><div class=\"fusion-clearfix\"><\/div><\/div><\/div><div class=\"fusion-layout-column fusion_builder_column fusion-builder-column-2 fusion_builder_column_1_2 1_2 fusion-one-half fusion-column-last\" style=\"--awb-bg-size:cover;width:50%;width:calc(50% - ( ( 4% ) * 0.5 ) );\"><div class=\"fusion-column-wrapper fusion-flex-column-wrapper-legacy\"><div class=\"fusion-text fusion-text-2\"><p><span style=\"font-weight: 400;\">Phil ist Teil von Razzz \u00a0Das Beatboxmusical, dem weltweit ersten Musical, bei dem alle Songs und Sounds nur mit dem Mund gemacht sind. Er steuert viele Songtexte bei und steht als Beatboxer, S\u00e4nger &amp; Schauspieler mit auf der B\u00fchne. Seit 2013 l\u00e4uft das erfolgreiche Musical im gesamten deutschsprachigen Raum.<\/span><\/p>\n<p><span style=\"font-weight: 400;\">Seine Bands und Projekte f\u00fchren ihn in die USA, nach Indien, Russland, Frankreich, Spanien, Bulgarien, Polen, \u00c4gypten, nach \u00d6sterreich und in die Schweiz.<\/span><\/p>\n<p><span style=\"font-weight: 400;\">Neben der Arbeit auf und abseits der B\u00fchnen dieser Welt gibt ChloroPhil sein Wissen in Rap-, Songwriting- oder Beatbox-Workshops weiter. Sein Charme, seine wortgewandte Spontanit\u00e4t und seine kom\u00f6diantische Ader kombiniert mit seinen Beatbox Skills machen ihn zu einem unvergesslichen Highlight bei jeder Show.<\/span><\/p>\n<\/div><div class=\"fusion-clearfix\"><\/div><\/div><\/div><\/div><\/div><div class=\"fusion-fullwidth fullwidth-box fusion-builder-row-3 nonhundred-percent-fullwidth non-hundred-percent-height-scrolling fusion-no-large-visibility\" style=\"--awb-border-radius-top-left:0px;--awb-border-radius-top-right:0px;--awb-border-radius-bottom-right:0px;--awb-border-radius-bottom-left:0px;--awb-padding-bottom:60px;\" ><div class=\"fusion-builder-row fusion-row\"><div class=\"fusion-layout-column fusion_builder_column fusion-builder-column-3 fusion_builder_column_1_1 1_1 fusion-one-full fusion-column-first fusion-column-last\" style=\"--awb-padding-top:50px;--awb-bg-size:cover;--awb-margin-bottom:20px;\"><div class=\"fusion-column-wrapper fusion-flex-column-wrapper-legacy\"><div class=\"fusion-title title fusion-title-2 fusion-sep-none fusion-title-center fusion-title-text fusion-title-size-one\"><h1 class=\"title-heading-center fusion-responsive-typography-calculated\" style=\"margin:0;--fontSize:48;line-height:1.14;\">CHLOROPHIL<\/h1><\/div><div class=\"fusion-clearfix\"><\/div><\/div><\/div><div class=\"fusion-layout-column fusion_builder_column fusion-builder-column-4 fusion_builder_column_1_1 1_1 fusion-one-full fusion-column-first fusion-column-last\" style=\"--awb-bg-size:cover;\"><div class=\"fusion-column-wrapper fusion-flex-column-wrapper-legacy\"><div class=\"fusion-text fusion-text-3\"><p>translation in progress<\/p>\n<\/div><div class=\"fusion-clearfix\"><\/div><\/div><\/div><\/div><\/div><\/p>\n","protected":false},"excerpt":{"rendered":"","protected":false},"author":1,"featured_media":0,"parent":2240,"menu_order":2,"comment_status":"closed","ping_status":"closed","template":"100-width.php","meta":{"_price":"","_stock":"","_tribe_ticket_header":"","_tribe_default_ticket_provider":"","_tribe_ticket_capacity":"0","_ticket_start_date":"","_ticket_end_date":"","_tribe_ticket_show_description":"","_tribe_ticket_show_not_going":false,"_tribe_ticket_use_global_stock":"","_tribe_ticket_global_stock_level":"","_global_stock_mode":"","_global_stock_cap":"","_tribe_rsvp_for_event":"","_tribe_ticket_going_count":"","_tribe_ticket_not_going_count":"","_tribe_tickets_list":[],"_tribe_ticket_has_attendee_info_fields":false},"acf":[],"ticketed":false,"_links":{"self":[{"href":"https:\/\/razzz.de\/en\/wp-json\/wp\/v2\/pages\/5156"}],"collection":[{"href":"https:\/\/razzz.de\/en\/wp-json\/wp\/v2\/pages"}],"about":[{"href":"https:\/\/razzz.de\/en\/wp-json\/wp\/v2\/types\/page"}],"author":[{"embeddable":true,"href":"https:\/\/razzz.de\/en\/wp-json\/wp\/v2\/users\/1"}],"replies":[{"embeddable":true,"href":"https:\/\/razzz.de\/en\/wp-json\/wp\/v2\/comments?post=5156"}],"version-history":[{"count":2,"href":"https:\/\/razzz.de\/en\/wp-json\/wp\/v2\/pages\/5156\/revisions"}],"predecessor-version":[{"id":6650,"href":"https:\/\/razzz.de\/en\/wp-json\/wp\/v2\/pages\/5156\/revisions\/6650"}],"up":[{"embeddable":true,"href":"https:\/\/razzz.de\/en\/wp-json\/wp\/v2\/pages\/2240"}],"wp:attachment":[{"href":"https:\/\/razzz.de\/en\/wp-json\/wp\/v2\/media?parent=5156"}],"curies":[{"name":"wp","href":"https:\/\/api.w.org\/{rel}","templated":true}]}}